{"id":2,"date":"2007-05-07T14:48:23","date_gmt":"2007-05-07T12:48:23","guid":{"rendered":"http:\/\/www.buch-hoerbuch.de\/?page_id=2"},"modified":"2018-07-04T11:09:26","modified_gmt":"2018-07-04T09:09:26","slug":"kontakt","status":"publish","type":"page","link":"http:\/\/www.buch-hoerbuch.de\/?page_id=2","title":{"rendered":"Kontakt"},"content":{"rendered":"<p>Mein Name ist D\u00f6rte Brilling. Ich lese f\u00fcr mein Leben gerne, allerdings mal mehr und mal weniger. Dies hier ist mein ganz pers\u00f6nliches Buchblog.<\/p>\n<p>Wer Lust hat, Teil einer gro\u00dfen Literaturcommunity zu werden, sollte sich unbedingt auf dem Literaturportal <a href=\"https:\/\/www.litnity.com\">litnity.com<\/a> anmelden. Hier werden t\u00e4glich Neuerscheinungen, Buchtipps von Lesern und der litnity-Redaktion kuratiert, unter anderem auch von mir!<\/p>\n","protected":false},"excerpt":{"rendered":"<p>Mein Name ist D\u00f6rte Brilling. Ich lese f\u00fcr mein Leben gerne, allerdings mal mehr und mal weniger. Dies hier ist mein ganz pers\u00f6nliches Buchblog. Wer Lust hat, Teil einer gro\u00dfen Literaturcommunity zu werden, sollte sich unbedingt auf dem Literaturportal litnity.com &hellip; <a href=\"http:\/\/www.buch-hoerbuch.de\/?page_id=2\">Weiterlesen <span class=\"meta-nav\">&rarr;<\/span><\/a><\/p>\n","protected":false},"author":1,"featured_media":0,"parent":0,"menu_order":4,"comment_status":"open","ping_status":"open","template":"","meta":{"footnotes":""},"_links":{"self":[{"href":"http:\/\/www.buch-hoerbuch.de\/index.php?rest_route=\/wp\/v2\/pages\/2"}],"collection":[{"href":"http:\/\/www.buch-hoerbuch.de\/index.php?rest_route=\/wp\/v2\/pages"}],"about":[{"href":"http:\/\/www.buch-hoerbuch.de\/index.php?rest_route=\/wp\/v2\/types\/page"}],"author":[{"embeddable":true,"href":"http:\/\/www.buch-hoerbuch.de\/index.php?rest_route=\/wp\/v2\/users\/1"}],"replies":[{"embeddable":true,"href":"http:\/\/www.buch-hoerbuch.de\/index.php?rest_route=%2Fwp%2Fv2%2Fcomments&post=2"}],"version-history":[{"count":2,"href":"http:\/\/www.buch-hoerbuch.de\/index.php?rest_route=\/wp\/v2\/pages\/2\/revisions"}],"predecessor-version":[{"id":456,"href":"http:\/\/www.buch-hoerbuch.de\/index.php?rest_route=\/wp\/v2\/pages\/2\/revisions\/456"}],"wp:attachment":[{"href":"http:\/\/www.buch-hoerbuch.de\/index.php?rest_route=%2Fwp%2Fv2%2Fmedia&parent=2"}],"curies":[{"name":"wp","href":"https:\/\/api.w.org\/{rel}","templated":true}]}}