{"id":33,"date":"2008-06-13T23:07:01","date_gmt":"2008-06-13T21:07:01","guid":{"rendered":"http:\/\/www.buch-hoerbuch.de\/impressum\/"},"modified":"2018-07-04T11:12:05","modified_gmt":"2018-07-04T09:12:05","slug":"impressum","status":"publish","type":"page","link":"https:\/\/www.buch-hoerbuch.de\/?page_id=33","title":{"rendered":"Impressum"},"content":{"rendered":"<p>Inhaber dieser Seite: D\u00f6rte Brilling<br \/>\nE-Mail: doerte (\u00b0;\u00b0) brilling.de<br \/>\nOrt: Hamburg, Deutschland<\/p>\n<p>___________________________________<\/p>\n<p>Die auf meiner privaten Website bereit gestellten Inhalte dienen ausschlie\u00dflich Ihrer Information. Anspr\u00fcche aus Empfehlung oder Beratung k\u00f6nnen aus der Bereitstellung nicht hergeleitet werden. Trotz \u00e4u\u00dferster Sorgfalt kann ich f\u00fcr die Vollst\u00e4ndigkeit, Aktualit\u00e4t und Richtigkeit der Inhalte keine Haftung oder Garantie \u00fcbernehmen. Keine Abmahnung ohne vorherigen Kontakt! Sollte irgendwelcher Inhalt oder die designtechnische Gestaltung einzelner Seiten oder Teile dieser Internetseite fremde Rechte Dritter oder gesetzliche Bestimmungen verletzen oder anderweitig in irgendeiner Form wettbewerbsrechtliche Probleme hervorbringen, so bitten wir unter Berufung auf \u00a7 8 Abs. 4 UWG, um eine angemessene, ausreichend erl\u00e4uternde und schnelle Nachricht ohne Kostennote. Ich garantiere, dass die zu Recht beanstandeten Passagen oder Teile dieser Webseiten in angemessener Frist entfernt bzw. den rechtlichen Vorgaben umf\u00e4nglich angepasst werden, ohne dass von Ihrer Seite die Einschaltung eines Rechtsbeistandes erforderlich ist. Die Einschaltung eines Anwaltes, zur f\u00fcr den Diensteanbieter kostenpflichtigen Abmahnung, entspricht nicht dessen wirklichen oder mutma\u00dflichen Willen und w\u00fcrde damit einen Verstoss gegen \u00a7 13 Abs. 5 UWG, wegen der Verfolgung sachfremder Ziele als beherschendes Motiv der Verfahrenseinleitung, insbesondere einer Kostenerzielungsabsicht als eigentliche Triebfeder, sowie einen Versto\u00df gegen die Schadensminderungspflicht darstellen.<\/p>\n<h3>Haftung f\u00fcr Inhalte<\/h3>\n<p>Die Inhalte unserer Seiten wurden mit gr\u00f6\u00dfter Sorgfalt erstellt. F\u00fcr die Richtigkeit, Vollst\u00e4ndigkeit und Aktualit\u00e4t der Inhalte k\u00f6nnen wir jedoch keine Gew\u00e4hr \u00fcbernehmen. Alle auf dieser Website genannten Produktnamen, Produktbezeichnungen und Logos sind eingetragene Warenzeichen und Eigentum der jeweiligen Rechteinhaber. Als Diensteanbieter sind wir gem\u00e4\u00df \u00a7 7 Abs.1 TMG f\u00fcr eigene Inhalte auf diesen Seiten nach den allgemeinen Gesetzen verantwortlich. Nach \u00a7\u00a7 8 bis 10 TMG sind wir als Diensteanbieter jedoch nicht verpflichtet, \u00fcbermittelte oder gespeicherte fremde Informationen zu \u00fcberwachen oder nach Umst\u00e4nden zu forschen, die auf eine rechtswidrige T\u00e4tigkeit hinweisen. Verpflichtungen zur Entfernung oder Sperrung der Nutzung von Informationen nach den allgemeinen Gesetzen bleiben hiervon unber\u00fchrt. Eine diesbez\u00fcgliche Haftung ist jedoch erst ab dem Zeitpunkt der Kenntnis einer konkreten Rechtsverletzung m\u00f6glich. Bei bekannt werden von entsprechenden Rechtsverletzungen werden wir diese Inhalte umgehend entfernen.<\/p>\n<h3>Haftung f\u00fcr Links<\/h3>\n<p>Unser Angebot enth\u00e4lt Links zu externen Webseiten Dritter, auf deren Inhalte wir keinen Einfluss haben. Deshalb k\u00f6nnen wir f\u00fcr diese fremden Inhalte auch keine Gew\u00e4hr \u00fcbernehmen. F\u00fcr die Inhalte der verlinkten Seiten ist stets der jeweilige Anbieter oder Betreiber der Seiten verantwortlich. Die verlinkten Seiten wurden zum Zeitpunkt der Verlinkung auf m\u00f6gliche Rechtsverst\u00f6\u00dfe \u00fcberpr\u00fcft. Rechtswidrige Inhalte waren zum Zeitpunkt der Verlinkung nicht erkennbar. Eine permanente inhaltliche Kontrolle der verlinkten Seiten ist jedoch ohne konkrete Anhaltspunkte einer Rechtsverletzung nicht zumutbar. Bei bekannt werden von Rechtsverletzungen werden wir derartige Links umgehend entfernen.<\/p>\n<h3>Urheberrecht<\/h3>\n<p>Die durch die Seitenbetreiber erstellten Inhalte und Werke auf diesen Seiten unterliegen dem deutschen Urheberrecht. Beitr\u00e4ge Dritter sind als solche gekennzeichnet. Die Vervielf\u00e4ltigung, Bearbeitung, Verbreitung und jede Art der Verwertung au\u00dferhalb der Grenzen des Urheberrechtes bed\u00fcrfen der schriftlichen Zustimmung des jeweiligen Autors bzw. Erstellers. Downloads und Kopien dieser Seite sind nur f\u00fcr den privaten, nicht kommerziellen Gebrauch gestattet. Die Betreiber der Seiten sind bem\u00fcht, stets die Urheberrechte anderer zu beachten bzw. auf selbst erstellte sowie lizenzfreie Werke zur\u00fcckzugreifen.<\/p>\n","protected":false},"excerpt":{"rendered":"<p>Inhaber dieser Seite: D\u00f6rte Brilling E-Mail: doerte (\u00b0;\u00b0) brilling.de Ort: Hamburg, Deutschland ___________________________________ Die auf meiner privaten Website bereit gestellten Inhalte dienen ausschlie\u00dflich Ihrer Information. Anspr\u00fcche aus Empfehlung oder Beratung k\u00f6nnen aus der Bereitstellung nicht hergeleitet werden. Trotz \u00e4u\u00dferster Sorgfalt &hellip; <a href=\"https:\/\/www.buch-hoerbuch.de\/?page_id=33\">Weiterlesen <span class=\"meta-nav\">&rarr;<\/span><\/a><\/p>\n","protected":false},"author":1,"featured_media":0,"parent":0,"menu_order":5,"comment_status":"open","ping_status":"open","template":"","meta":{"footnotes":""},"_links":{"self":[{"href":"https:\/\/www.buch-hoerbuch.de\/index.php?rest_route=\/wp\/v2\/pages\/33"}],"collection":[{"href":"https:\/\/www.buch-hoerbuch.de\/index.php?rest_route=\/wp\/v2\/pages"}],"about":[{"href":"https:\/\/www.buch-hoerbuch.de\/index.php?rest_route=\/wp\/v2\/types\/page"}],"author":[{"embeddable":true,"href":"https:\/\/www.buch-hoerbuch.de\/index.php?rest_route=\/wp\/v2\/users\/1"}],"replies":[{"embeddable":true,"href":"https:\/\/www.buch-hoerbuch.de\/index.php?rest_route=%2Fwp%2Fv2%2Fcomments&post=33"}],"version-history":[{"count":2,"href":"https:\/\/www.buch-hoerbuch.de\/index.php?rest_route=\/wp\/v2\/pages\/33\/revisions"}],"predecessor-version":[{"id":458,"href":"https:\/\/www.buch-hoerbuch.de\/index.php?rest_route=\/wp\/v2\/pages\/33\/revisions\/458"}],"wp:attachment":[{"href":"https:\/\/www.buch-hoerbuch.de\/index.php?rest_route=%2Fwp%2Fv2%2Fmedia&parent=33"}],"curies":[{"name":"wp","href":"https:\/\/api.w.org\/{rel}","templated":true}]}}